{"id":17,"date":"2026-03-16T18:46:00","date_gmt":"2026-03-16T17:46:00","guid":{"rendered":"https:\/\/raphaelschwerdtfeger.fr\/?page_id=17"},"modified":"2026-03-27T12:37:56","modified_gmt":"2026-03-27T11:37:56","slug":"taris-et-deroulement-de-laccompagnement","status":"publish","type":"page","link":"https:\/\/raphaelschwerdtfeger.fr\/index.php\/taris-et-deroulement-de-laccompagnement\/","title":{"rendered":"D\u00e9roulement de l&rsquo;accompagnement"},"content":{"rendered":"\n<p>Mon accompagnement est ouvert \u00e0 toutes et tous sur le territoire du Gr\u00e9sivaudan. Au regard de mon parcours, j&rsquo;interviens principalement sur l&rsquo;enfance, l&rsquo;adolescence et le handicap. Que vous soyez parents d&rsquo;enfants en situation de handicap en attente de prise en charge, des parents qui rencontrent des difficult\u00e9s dans l&rsquo;\u00e9ducation de leurs enfants ou adolescents, un adulte en difficult\u00e9 pour adapter son quotidien aux contraintes qu&rsquo;il rencontre, je peux vous apporter soutient et \u00e9coute, \u00e9laborer avec vous des projets d&rsquo;actions pour r\u00e9pondre \u00e0 vos besoins. La finalit\u00e9 de mon accompagnement est de ne plus avoir \u00e0 travailler avec vous et que les outils que nous auront \u00e9labor\u00e9s ensemble vous permettent une autonomie.<\/p>\n\n\n\n<p>Voici comment se d\u00e9roule mon accompagnement:<\/p>\n\n\n\n<p><strong>-Une premi\u00e8re rencontre: <\/strong>A notre premier contact, nous convenons ensemble d&rsquo;un premier rendez-vous, que ce soit \u00e0 votre domicile ou bien en lieu neutre (caf\u00e9, parc, etc.). Lors de cette rencontre j&rsquo;\u00e9couterai quels sont vos besoins, les difficult\u00e9s que vous rencontrez et quelles sont vos demandes. C\u2019est \u00e0 l\u2019issue de cet \u00e9change que nous pourrons d\u00e9finir les grandes lignes de l\u2019accompagnement. Il est toutefois possible que je vous oriente vers d\u2019autres professionnels si je ne suis pas en mesure de r\u00e9pondre \u00e0 vos besoins<\/p>\n\n\n\n<p><strong>-Une phase d&rsquo;observations et de retours:<\/strong> Cette phase peut durer jusqu&rsquo;\u00e0 un mois et varie en fonction des situations. Durant cette p\u00e9riode je prendrai le temps de rencontrer l&rsquo;ensemble de la famille, je prendrai contact, avec votre accord avec d&rsquo;autres professionnels qui interviennent (\u00e9cole, CMP, psychologues, etc.) afin d&rsquo;avoir une vision d&rsquo;ensemble sur votre situation familiale. A l&rsquo;issue de cette phase, je vous proposerai un temps de bilan au cours duquel je vous partagerai mes observations et nous \u00e9tablirons ensemble un document qui fixera les objectifs de travail et je vous ferai des proposition d&rsquo;actions pour les atteindre.<\/p>\n\n\n\n<p><strong>-Un accompagnement dans la dur\u00e9e, mais pas infini:<\/strong> Les objectifs fix\u00e9s et les actions que l&rsquo;on aura \u00e9tablies demanderons du temps pour porter leurs fruits et il s&rsquo;agira de d\u00e9terminer ensemble la temporalit\u00e9 qui vous convient (fr\u00e9quence d&rsquo;intervention, dur\u00e9e des interventions, etc.). Cet accompagnement est flexible et adaptatif au fil du temps. Il peut prendre diff\u00e9rentes formes: entretiens familiaux, temps individuels au domicile ou \u00e0 l&rsquo;ext\u00e9rieur, activit\u00e9s, temps de rencontres avec des personnes tierces qui gravitent autour de votre famille, etc. Tout se fera avec vous et votre accord, aucune initiative de ma part ne sera prise sans votre consentement. Je vous proposerai \u00e9galement des bilans r\u00e9guliers pour faire le point sur l&rsquo;avancement de l&rsquo;accompagnement et pour que je puisse vous faire des retours, l&rsquo;id\u00e9e \u00e9tant de pouvoir percevoir une \u00e9volution dans votre situation. Les objectifs sont eux aussi \u00e9volutifs en fonction de vos besoins, rien n&rsquo;est inscrit dans le marbre. <br>N\u00e9anmoins mon intervention ne peut \u00eatre illimit\u00e9e. D&rsquo;une part parce qu&rsquo;elle vous engage, tant sur le plan financier que sur le plan personnel. Et d&rsquo;autre part comme d\u00e9crit plus haut mon objectif est bien d&rsquo;aller vers un apaisement des difficult\u00e9s que vous rencontrez. C&rsquo;est bien vous qui avez les solutions \u00e0 ces difficult\u00e9s, je ne dois \u00eatre qu&rsquo;un facilitateur pour vous aider \u00e0 trouver les ressources que vous pouvez mobiliser.<\/p>\n\n\n\n<h2 class=\"wp-block-heading\">Tarifs<\/h2>\n\n\n\n<figure class=\"wp-block-table\"><table class=\"has-fixed-layout\"><tbody><tr><td class=\"has-text-align-center\" data-align=\"center\">Premi\u00e8re Rencontre<\/td><td class=\"has-text-align-center\" data-align=\"center\">35 \u20ac<\/td><\/tr><tr><td class=\"has-text-align-center\" data-align=\"center\">Rendez-vous d&rsquo;accompagnement<\/td><td class=\"has-text-align-center\" data-align=\"center\">40 \u20ac \/h<\/td><\/tr><tr><td class=\"has-text-align-center\" data-align=\"center\">Rencontre avec d&rsquo;autres professionnels<\/td><td class=\"has-text-align-center\" data-align=\"center\">40 \u20ac<\/td><\/tr><tr><td class=\"has-text-align-center\" data-align=\"center\">Frais kilom\u00e9triques<\/td><td class=\"has-text-align-center\" data-align=\"center\">0.6 \u20ac \/km<\/td><\/tr><\/tbody><\/table><\/figure>\n\n\n\n<p>R\u00e8glement: ch\u00e8ques ou esp\u00e8ces<\/p>\n\n\n\n<p>Possibilit\u00e9 de faire un devis.<\/p>\n\n\n\n<p><\/p>\n","protected":false},"excerpt":{"rendered":"<p>Mon accompagnement est ouvert \u00e0 toutes et tous sur le territoire du Gr\u00e9sivaudan. Au regard de mon parcours, j&rsquo;interviens principalement [&hellip;]<\/p>\n","protected":false},"author":1,"featured_media":0,"parent":0,"menu_order":0,"comment_status":"closed","ping_status":"closed","template":"","meta":{"site-sidebar-layout":"default","site-content-layout":"","ast-site-content-layout":"default","site-content-style":"default","site-sidebar-style":"default","ast-global-header-display":"","ast-banner-title-visibility":"","ast-main-header-display":"","ast-hfb-above-header-display":"","ast-hfb-below-header-display":"","ast-hfb-mobile-header-display":"","site-post-title":"","ast-breadcrumbs-content":"","ast-featured-img":"","footer-sml-layout":"","ast-disable-related-posts":"","theme-transparent-header-meta":"","adv-header-id-meta":"","stick-header-meta":"","header-above-stick-meta":"","header-main-stick-meta":"","header-below-stick-meta":"","astra-migrate-meta-layouts":"default","ast-page-background-enabled":"default","ast-page-background-meta":{"desktop":{"background-color":"var(--ast-global-color-5)","background-image":"","background-repeat":"repeat","background-position":"center center","background-size":"auto","background-attachment":"scroll","background-type":"","background-media":"","overlay-type":"","overlay-color":"","overlay-opacity":"","overlay-gradient":""},"tablet":{"background-color":"","background-image":"","background-repeat":"repeat","background-position":"center center","background-size":"auto","background-attachment":"scroll","background-type":"","background-media":"","overlay-type":"","overlay-color":"","overlay-opacity":"","overlay-gradient":""},"mobile":{"background-color":"","background-image":"","background-repeat":"repeat","background-position":"center center","background-size":"auto","background-attachment":"scroll","background-type":"","background-media":"","overlay-type":"","overlay-color":"","overlay-opacity":"","overlay-gradient":""}},"ast-content-background-meta":{"desktop":{"background-color":"var(--ast-global-color-4)","background-image":"","background-repeat":"repeat","background-position":"center center","background-size":"auto","background-attachment":"scroll","background-type":"","background-media":"","overlay-type":"","overlay-color":"","overlay-opacity":"","overlay-gradient":""},"tablet":{"background-color":"var(--ast-global-color-4)","background-image":"","background-repeat":"repeat","background-position":"center center","background-size":"auto","background-attachment":"scroll","background-type":"","background-media":"","overlay-type":"","overlay-color":"","overlay-opacity":"","overlay-gradient":""},"mobile":{"background-color":"var(--ast-global-color-4)","background-image":"","background-repeat":"repeat","background-position":"center center","background-size":"auto","background-attachment":"scroll","background-type":"","background-media":"","overlay-type":"","overlay-color":"","overlay-opacity":"","overlay-gradient":""}},"footnotes":""},"class_list":["post-17","page","type-page","status-publish","hentry"],"_links":{"self":[{"href":"https:\/\/raphaelschwerdtfeger.fr\/index.php\/wp-json\/wp\/v2\/pages\/17","targetHints":{"allow":["GET"]}}],"collection":[{"href":"https:\/\/raphaelschwerdtfeger.fr\/index.php\/wp-json\/wp\/v2\/pages"}],"about":[{"href":"https:\/\/raphaelschwerdtfeger.fr\/index.php\/wp-json\/wp\/v2\/types\/page"}],"author":[{"embeddable":true,"href":"https:\/\/raphaelschwerdtfeger.fr\/index.php\/wp-json\/wp\/v2\/users\/1"}],"replies":[{"embeddable":true,"href":"https:\/\/raphaelschwerdtfeger.fr\/index.php\/wp-json\/wp\/v2\/comments?post=17"}],"version-history":[{"count":8,"href":"https:\/\/raphaelschwerdtfeger.fr\/index.php\/wp-json\/wp\/v2\/pages\/17\/revisions"}],"predecessor-version":[{"id":109,"href":"https:\/\/raphaelschwerdtfeger.fr\/index.php\/wp-json\/wp\/v2\/pages\/17\/revisions\/109"}],"wp:attachment":[{"href":"https:\/\/raphaelschwerdtfeger.fr\/index.php\/wp-json\/wp\/v2\/media?parent=17"}],"curies":[{"name":"wp","href":"https:\/\/api.w.org\/{rel}","templated":true}]}}