{"id":13,"date":"2026-03-16T18:46:38","date_gmt":"2026-03-16T17:46:38","guid":{"rendered":"https:\/\/raphaelschwerdtfeger.fr\/?page_id=13"},"modified":"2026-03-27T11:30:39","modified_gmt":"2026-03-27T10:30:39","slug":"a-propos","status":"publish","type":"page","link":"https:\/\/raphaelschwerdtfeger.fr\/index.php\/a-propos\/","title":{"rendered":"Mon Parcours"},"content":{"rendered":"\n<p>Je suis Rapha\u00ebl Schwerdtfeger, dipl\u00f4m\u00e9 en 2020 du Dipl\u00f4me d&rsquo;Etat d&rsquo;\u00e9ducateur sp\u00e9cialis\u00e9. Avant le d\u00e9but de ma formation, j&rsquo;ai effectu\u00e9 un service civique dans un foyer d&rsquo;h\u00e9bergement pour personnes adultes en situation de handicap durant un an et demi. Au cours de ma formation, j&rsquo;ai effectu\u00e9 diff\u00e9rents stages aupr\u00e8s de publics vari\u00e9s: adultes et enfants en situation de handicap, enfants et adolescent confi\u00e9s \u00e0 l&rsquo;aide sociale \u00e0 l&rsquo;enfance, personnes en difficult\u00e9 sociale et \u00e9conomique.<\/p>\n\n\n\n<p>Apr\u00e8s l&rsquo;obtention de mon dipl\u00f4me, j&rsquo;ai travaill\u00e9 en maison d&rsquo;enfants \u00e0 caract\u00e8re social (MECS) pendant un an. J&rsquo;ai ensuite travaill\u00e9 pour le d\u00e9partement de l&rsquo;Is\u00e8re \u00e0 l&rsquo;aide sociale \u00e0 l&rsquo;enfance sur le territoire du Gr\u00e9sivaudan durant 4 ans. A l&rsquo;issue de ces 5 ann\u00e9es d&rsquo;exp\u00e9rience en institution j&rsquo;ai pu faire le point sur ces ann\u00e9es, et me rendre compte de la n\u00e9cessit\u00e9 \u00e0 travailler en compl\u00e9mentarit\u00e9 et en partenariat avec les institutions.<\/p>\n\n\n\n<p>J&rsquo;ai d\u00e9cid\u00e9 d&rsquo;exercer mon m\u00e9tier en lib\u00e9ral afin de pouvoir offrir la souplesse et le sur-mesure que me permet l&rsquo;exercice en lib\u00e9ral. L&rsquo;objectif \u00e9tant de coconstruire avec les personnes que je rencontre un accompagnement fid\u00e8le \u00e0 mes valeurs : L&rsquo;\u00e9coute, la bienveillance, le non jugement afin de favoriser l&rsquo;autonomie des personnes que j&rsquo;accompagne. Mon parcours m&rsquo;a permis de rencontrer des publics vari\u00e9s, avec des besoins et des sp\u00e9cificit\u00e9s diff\u00e9rentes qui ont n\u00e9cessit\u00e9 de ma part une constante adaptation. C&rsquo;est cette flexibilit\u00e9 qui me stimule. Chaque rencontre est singuli\u00e8re, chacun a des besoins diff\u00e9rents et n\u00e9cessite un accompagnement particulier.<\/p>\n\n\n\n<p><\/p>\n","protected":false},"excerpt":{"rendered":"<p>Je suis Rapha\u00ebl Schwerdtfeger, dipl\u00f4m\u00e9 en 2020 du Dipl\u00f4me d&rsquo;Etat d&rsquo;\u00e9ducateur sp\u00e9cialis\u00e9. Avant le d\u00e9but de ma formation, j&rsquo;ai effectu\u00e9 [&hellip;]<\/p>\n","protected":false},"author":1,"featured_media":0,"parent":0,"menu_order":0,"comment_status":"closed","ping_status":"closed","template":"","meta":{"site-sidebar-layout":"default","site-content-layout":"","ast-site-content-layout":"default","site-content-style":"default","site-sidebar-style":"default","ast-global-header-display":"","ast-banner-title-visibility":"","ast-main-header-display":"","ast-hfb-above-header-display":"","ast-hfb-below-header-display":"","ast-hfb-mobile-header-display":"","site-post-title":"","ast-breadcrumbs-content":"","ast-featured-img":"","footer-sml-layout":"","ast-disable-related-posts":"","theme-transparent-header-meta":"","adv-header-id-meta":"","stick-header-meta":"","header-above-stick-meta":"","header-main-stick-meta":"","header-below-stick-meta":"","astra-migrate-meta-layouts":"default","ast-page-background-enabled":"default","ast-page-background-meta":{"desktop":{"background-color":"var(--ast-global-color-5)","background-image":"","background-repeat":"repeat","background-position":"center center","background-size":"auto","background-attachment":"scroll","background-type":"","background-media":"","overlay-type":"","overlay-color":"","overlay-opacity":"","overlay-gradient":""},"tablet":{"background-color":"","background-image":"","background-repeat":"repeat","background-position":"center center","background-size":"auto","background-attachment":"scroll","background-type":"","background-media":"","overlay-type":"","overlay-color":"","overlay-opacity":"","overlay-gradient":""},"mobile":{"background-color":"","background-image":"","background-repeat":"repeat","background-position":"center center","background-size":"auto","background-attachment":"scroll","background-type":"","background-media":"","overlay-type":"","overlay-color":"","overlay-opacity":"","overlay-gradient":""}},"ast-content-background-meta":{"desktop":{"background-color":"var(--ast-global-color-4)","background-image":"","background-repeat":"repeat","background-position":"center center","background-size":"auto","background-attachment":"scroll","background-type":"","background-media":"","overlay-type":"","overlay-color":"","overlay-opacity":"","overlay-gradient":""},"tablet":{"background-color":"var(--ast-global-color-4)","background-image":"","background-repeat":"repeat","background-position":"center center","background-size":"auto","background-attachment":"scroll","background-type":"","background-media":"","overlay-type":"","overlay-color":"","overlay-opacity":"","overlay-gradient":""},"mobile":{"background-color":"var(--ast-global-color-4)","background-image":"","background-repeat":"repeat","background-position":"center center","background-size":"auto","background-attachment":"scroll","background-type":"","background-media":"","overlay-type":"","overlay-color":"","overlay-opacity":"","overlay-gradient":""}},"footnotes":""},"class_list":["post-13","page","type-page","status-publish","hentry"],"_links":{"self":[{"href":"https:\/\/raphaelschwerdtfeger.fr\/index.php\/wp-json\/wp\/v2\/pages\/13","targetHints":{"allow":["GET"]}}],"collection":[{"href":"https:\/\/raphaelschwerdtfeger.fr\/index.php\/wp-json\/wp\/v2\/pages"}],"about":[{"href":"https:\/\/raphaelschwerdtfeger.fr\/index.php\/wp-json\/wp\/v2\/types\/page"}],"author":[{"embeddable":true,"href":"https:\/\/raphaelschwerdtfeger.fr\/index.php\/wp-json\/wp\/v2\/users\/1"}],"replies":[{"embeddable":true,"href":"https:\/\/raphaelschwerdtfeger.fr\/index.php\/wp-json\/wp\/v2\/comments?post=13"}],"version-history":[{"count":12,"href":"https:\/\/raphaelschwerdtfeger.fr\/index.php\/wp-json\/wp\/v2\/pages\/13\/revisions"}],"predecessor-version":[{"id":105,"href":"https:\/\/raphaelschwerdtfeger.fr\/index.php\/wp-json\/wp\/v2\/pages\/13\/revisions\/105"}],"wp:attachment":[{"href":"https:\/\/raphaelschwerdtfeger.fr\/index.php\/wp-json\/wp\/v2\/media?parent=13"}],"curies":[{"name":"wp","href":"https:\/\/api.w.org\/{rel}","templated":true}]}}